{"id":745,"date":"2022-05-26T10:53:25","date_gmt":"2022-05-26T08:53:25","guid":{"rendered":"https:\/\/www.ev-now.org\/?page_id=745"},"modified":"2023-07-14T14:56:39","modified_gmt":"2023-07-14T12:56:39","slug":"guida-alberghi-e-ristoranti-ditalia-in-collaborazione-con-il-touring-club-italiano","status":"publish","type":"page","link":"https:\/\/www.ev-now.org\/index.php\/progetti\/guida-alberghi-e-ristoranti-ditalia-in-collaborazione-con-il-touring-club-italiano\/","title":{"rendered":"Guida Alberghi e Ristoranti d&#8217;Italia in collaborazione con il Touring Club Italiano"},"content":{"rendered":"\n<blockquote class=\"wp-block-quote is-style-large\">\n<p><em>La prima guida redatta da eV-Now! in collaborazione con Witaly e Touring Club Italiano dedicata alle strutture ricettive adatte a chi si muove in elettrico<\/em><\/p>\n<\/blockquote>\n\n\n\n<p class=\"has-large-font-size\">Dal 2021 \u00e8 in corso la collaborazione <strong>tra&nbsp;eV-Now!<\/strong>, <strong>Witaly<\/strong> <strong>e Touring Club Italiano<\/strong> che ha gi\u00e0 portato alla realizzazione di due edizioni della<strong> Guida &#8220;Alberghi e Ristoranti d&#8217;Italia&#8221;, e alla redazione della edizione 2024, ora in corso. <\/strong><\/p>\n\n\n\n<p class=\"has-large-font-size\">La storica guida \u2013<strong>&nbsp;<\/strong>curata da&nbsp;<strong>Teresa<\/strong>&nbsp;e&nbsp;<strong>Luigi Cremona&nbsp;<\/strong>\u2013, si rinnova nel segno del sostegno dei&nbsp;<strong>territori&nbsp;<\/strong>e dell\u2019attenzione alla&nbsp;<strong>sostenibilit\u00e0<\/strong>, <strong>premiando per la prima volta un gruppo di strutture ideali per il&nbsp;turista che viaggia in elettrico.<\/strong><\/p>\n\n\n\n<div class=\"wp-block-jetpack-slideshow aligncenter\" data-effect=\"slide\"><div class=\"wp-block-jetpack-slideshow_container swiper-container\"><ul class=\"wp-block-jetpack-slideshow_swiper-wrapper swiper-wrapper\"><li class=\"wp-block-jetpack-slideshow_slide swiper-slide\"><figure><img decoding=\"async\" loading=\"lazy\" width=\"768\" height=\"1024\" alt=\"\" class=\"wp-block-jetpack-slideshow_image wp-image-741\" data-id=\"741\" src=\"https:\/\/i0.wp.com\/www.ev-now.org\/wp-content\/uploads\/2022\/05\/IMG_7412.jpg?resize=768%2C1024&#038;ssl=1\" srcset=\"https:\/\/i0.wp.com\/www.ev-now.org\/wp-content\/uploads\/2022\/05\/IMG_7412-scaled.jpg?resize=768%2C1024&amp;ssl=1 768w, https:\/\/i0.wp.com\/www.ev-now.org\/wp-content\/uploads\/2022\/05\/IMG_7412-scaled.jpg?resize=225%2C300&amp;ssl=1 225w, https:\/\/i0.wp.com\/www.ev-now.org\/wp-content\/uploads\/2022\/05\/IMG_7412-scaled.jpg?resize=1152%2C1536&amp;ssl=1 1152w, https:\/\/i0.wp.com\/www.ev-now.org\/wp-content\/uploads\/2022\/05\/IMG_7412-scaled.jpg?resize=1536%2C2048&amp;ssl=1 1536w, https:\/\/i0.wp.com\/www.ev-now.org\/wp-content\/uploads\/2022\/05\/IMG_7412-scaled.jpg?w=1920&amp;ssl=1 1920w\" sizes=\"(max-width: 768px) 100vw, 768px\" data-recalc-dims=\"1\" \/><\/figure><\/li><li class=\"wp-block-jetpack-slideshow_slide swiper-slide\"><figure><img decoding=\"async\" loading=\"lazy\" width=\"1024\" height=\"883\" alt=\"\" class=\"wp-block-jetpack-slideshow_image wp-image-743\" data-id=\"743\" src=\"https:\/\/i0.wp.com\/www.ev-now.org\/wp-content\/uploads\/2022\/05\/IMG_7411.jpg?resize=1024%2C883&#038;ssl=1\" srcset=\"https:\/\/i0.wp.com\/www.ev-now.org\/wp-content\/uploads\/2022\/05\/IMG_7411-scaled.jpg?resize=1024%2C883&amp;ssl=1 1024w, https:\/\/i0.wp.com\/www.ev-now.org\/wp-content\/uploads\/2022\/05\/IMG_7411-scaled.jpg?resize=300%2C259&amp;ssl=1 300w, https:\/\/i0.wp.com\/www.ev-now.org\/wp-content\/uploads\/2022\/05\/IMG_7411-scaled.jpg?resize=768%2C662&amp;ssl=1 768w, https:\/\/i0.wp.com\/www.ev-now.org\/wp-content\/uploads\/2022\/05\/IMG_7411-scaled.jpg?resize=1536%2C1324&amp;ssl=1 1536w, https:\/\/i0.wp.com\/www.ev-now.org\/wp-content\/uploads\/2022\/05\/IMG_7411-scaled.jpg?resize=2048%2C1765&amp;ssl=1 2048w, https:\/\/i0.wp.com\/www.ev-now.org\/wp-content\/uploads\/2022\/05\/IMG_7411-scaled.jpg?resize=348%2C300&amp;ssl=1 348w\" sizes=\"(max-width: 1024px) 100vw, 1024px\" data-recalc-dims=\"1\" \/><\/figure><\/li><\/ul><a class=\"wp-block-jetpack-slideshow_button-prev swiper-button-prev swiper-button-white\" role=\"button\"><\/a><a class=\"wp-block-jetpack-slideshow_button-next swiper-button-next swiper-button-white\" role=\"button\"><\/a><a aria-label=\"Pause Slideshow\" class=\"wp-block-jetpack-slideshow_button-pause\" role=\"button\"><\/a><div class=\"wp-block-jetpack-slideshow_pagination swiper-pagination swiper-pagination-white\"><\/div><\/div><\/div>\n\n\n\n<p class=\"has-large-font-size\">Grande novit\u00e0 \u00e8 una sezione, nata dalla collaborazione con\u00a0<strong>eV-Now!<\/strong>\u00a0e\u00a0<strong>Witaly<\/strong>, dedicata alle strutture ricettive\u00a0dotate di\u00a0<strong>infrastruttura di ricarica per veicoli elettrici<\/strong>\u00a0e che hanno scelto di adottare diversi tra i parametri di sostenibilit\u00e0 per il rilascio della certificazione \u201c<a href=\"https:\/\/www.ev-now.org\/index.php\/progetti\/certificazione-electric-friendly\/\" data-type=\"URL\" data-id=\"https:\/\/www.ev-now.org\/index.php\/progetti\/certificazione-electric-friendly\/\" target=\"_blank\" rel=\"noreferrer noopener\">Electric Friendly<\/a>\u201d by Motus-e basata sul <strong>protocollo di eV-Now!<\/strong><\/p>\n\n\n\n<p class=\"has-large-font-size\">Si va affermando sempre pi\u00f9&nbsp;una nuova tipologia di turismo che ricerca qualit\u00e0 ed esperienze, \u00e8 attento alla salvaguardia di territorio e dell\u2019ambiente e quindi predilige viaggi a bordo di veicoli elettrici, proposte eno-gastronomiche sostenibili, alberghi o ristoranti con un basso impatto energetico e possibilmente plastic-free. Le strutture ricettive stanno recependo questa necessit\u00e0, per loro \u00e8 dunque nato il marchio&nbsp;<strong>Electric Friendly by Motus-e<\/strong>, basato sul <strong>protocollo di certificazione eV-Now!<\/strong> e rilasciato dalla Fondazione alle strutture pi\u00f9 meritevoli del territorio: utilizzo di energia 100% rinnovabile, efficientamento energetico degli edifici, zero waste, servizi per il noleggio e la ricarica dei veicoli elettrici sono infatti solo alcuni dei parametri previsti dalla certificazione.<\/p>\n\n\n\n<p class=\"has-large-font-size\">La \u201ctransizione ecologica\u201d \u00e8 un fenomeno ormai in atto e il Touring Club Italiano \u2013 che dal 1894 non smette di innovare il modo di fare turismo e soprattutto di \u201cprendersi cura dell\u2019Italia come bene comune perch\u00e9 sia pi\u00f9 conosciuta, attrattiva, competitiva e accogliente\u201d \u2013 compie un ulteriore passo verso quello che sicuramente sar\u00e0 un nuovo modo di viaggiare, molto pi\u00f9 coinvolgente e consapevole, dedicando diverse pagine della guida e dieci Premi Speciali legati al mondo della sostenibilit\u00e0 alle strutture Electric Friendly che hanno investito ed investono nella sostenibilit\u00e0 concreta.<\/p>\n\n\n\n<p class=\"has-text-align-justify has-headings-color has-text-color has-large-font-size\"><\/p>\n\n\n\n<div class=\"wp-block-jetpack-slideshow aligncenter\" data-effect=\"slide\"><div class=\"wp-block-jetpack-slideshow_container swiper-container\"><ul class=\"wp-block-jetpack-slideshow_swiper-wrapper swiper-wrapper\"><li class=\"wp-block-jetpack-slideshow_slide swiper-slide\"><figure><img decoding=\"async\" loading=\"lazy\" width=\"1032\" height=\"655\" alt=\"\" class=\"wp-block-jetpack-slideshow_image wp-image-739\" data-id=\"739\" src=\"https:\/\/i0.wp.com\/www.ev-now.org\/wp-content\/uploads\/2022\/05\/7marzo_TCI-108-scaled.jpg?resize=1032%2C655&#038;ssl=1\" srcset=\"https:\/\/i0.wp.com\/www.ev-now.org\/wp-content\/uploads\/2022\/05\/7marzo_TCI-108-scaled.jpg?w=2560&amp;ssl=1 2560w, https:\/\/i0.wp.com\/www.ev-now.org\/wp-content\/uploads\/2022\/05\/7marzo_TCI-108-scaled.jpg?resize=300%2C190&amp;ssl=1 300w, https:\/\/i0.wp.com\/www.ev-now.org\/wp-content\/uploads\/2022\/05\/7marzo_TCI-108-scaled.jpg?resize=1024%2C650&amp;ssl=1 1024w, https:\/\/i0.wp.com\/www.ev-now.org\/wp-content\/uploads\/2022\/05\/7marzo_TCI-108-scaled.jpg?resize=768%2C487&amp;ssl=1 768w, https:\/\/i0.wp.com\/www.ev-now.org\/wp-content\/uploads\/2022\/05\/7marzo_TCI-108-scaled.jpg?resize=1536%2C975&amp;ssl=1 1536w, https:\/\/i0.wp.com\/www.ev-now.org\/wp-content\/uploads\/2022\/05\/7marzo_TCI-108-scaled.jpg?resize=2048%2C1299&amp;ssl=1 2048w, https:\/\/i0.wp.com\/www.ev-now.org\/wp-content\/uploads\/2022\/05\/7marzo_TCI-108-scaled.jpg?resize=473%2C300&amp;ssl=1 473w\" sizes=\"(max-width: 1032px) 100vw, 1032px\" data-recalc-dims=\"1\" \/><figcaption class=\"wp-block-jetpack-slideshow_caption gallery-caption\">Daniele Invernizzi, Luigi Cremona, Federica Musto, Fiorenza Frigoni, Lorenza Vitali<\/figcaption><\/figure><\/li><li class=\"wp-block-jetpack-slideshow_slide swiper-slide\"><figure><img decoding=\"async\" loading=\"lazy\" width=\"1032\" height=\"688\" alt=\"\" class=\"wp-block-jetpack-slideshow_image wp-image-733\" data-id=\"733\" src=\"https:\/\/i0.wp.com\/www.ev-now.org\/wp-content\/uploads\/2022\/05\/7marzo_TCI-2-scaled.jpg?resize=1032%2C688&#038;ssl=1\" srcset=\"https:\/\/i0.wp.com\/www.ev-now.org\/wp-content\/uploads\/2022\/05\/7marzo_TCI-2-scaled.jpg?w=2560&amp;ssl=1 2560w, https:\/\/i0.wp.com\/www.ev-now.org\/wp-content\/uploads\/2022\/05\/7marzo_TCI-2-scaled.jpg?resize=300%2C200&amp;ssl=1 300w, https:\/\/i0.wp.com\/www.ev-now.org\/wp-content\/uploads\/2022\/05\/7marzo_TCI-2-scaled.jpg?resize=1024%2C683&amp;ssl=1 1024w, https:\/\/i0.wp.com\/www.ev-now.org\/wp-content\/uploads\/2022\/05\/7marzo_TCI-2-scaled.jpg?resize=768%2C512&amp;ssl=1 768w, https:\/\/i0.wp.com\/www.ev-now.org\/wp-content\/uploads\/2022\/05\/7marzo_TCI-2-scaled.jpg?resize=1536%2C1024&amp;ssl=1 1536w, https:\/\/i0.wp.com\/www.ev-now.org\/wp-content\/uploads\/2022\/05\/7marzo_TCI-2-scaled.jpg?resize=2048%2C1365&amp;ssl=1 2048w, https:\/\/i0.wp.com\/www.ev-now.org\/wp-content\/uploads\/2022\/05\/7marzo_TCI-2-scaled.jpg?resize=450%2C300&amp;ssl=1 450w\" sizes=\"(max-width: 1032px) 100vw, 1032px\" data-recalc-dims=\"1\" \/><figcaption class=\"wp-block-jetpack-slideshow_caption gallery-caption\">Touring Club Italiano, eV-Now! e Motus-e<\/figcaption><\/figure><\/li><li class=\"wp-block-jetpack-slideshow_slide swiper-slide\"><figure><img decoding=\"async\" loading=\"lazy\" width=\"1032\" height=\"688\" alt=\"\" class=\"wp-block-jetpack-slideshow_image wp-image-735\" data-id=\"735\" src=\"https:\/\/i0.wp.com\/www.ev-now.org\/wp-content\/uploads\/2022\/05\/7marzo_TCI-14-scaled.jpg?resize=1032%2C688&#038;ssl=1\" srcset=\"https:\/\/i0.wp.com\/www.ev-now.org\/wp-content\/uploads\/2022\/05\/7marzo_TCI-14-scaled.jpg?w=2560&amp;ssl=1 2560w, https:\/\/i0.wp.com\/www.ev-now.org\/wp-content\/uploads\/2022\/05\/7marzo_TCI-14-scaled.jpg?resize=300%2C200&amp;ssl=1 300w, https:\/\/i0.wp.com\/www.ev-now.org\/wp-content\/uploads\/2022\/05\/7marzo_TCI-14-scaled.jpg?resize=1024%2C683&amp;ssl=1 1024w, https:\/\/i0.wp.com\/www.ev-now.org\/wp-content\/uploads\/2022\/05\/7marzo_TCI-14-scaled.jpg?resize=768%2C512&amp;ssl=1 768w, https:\/\/i0.wp.com\/www.ev-now.org\/wp-content\/uploads\/2022\/05\/7marzo_TCI-14-scaled.jpg?resize=1536%2C1024&amp;ssl=1 1536w, https:\/\/i0.wp.com\/www.ev-now.org\/wp-content\/uploads\/2022\/05\/7marzo_TCI-14-scaled.jpg?resize=2048%2C1365&amp;ssl=1 2048w, https:\/\/i0.wp.com\/www.ev-now.org\/wp-content\/uploads\/2022\/05\/7marzo_TCI-14-scaled.jpg?resize=450%2C300&amp;ssl=1 450w\" sizes=\"(max-width: 1032px) 100vw, 1032px\" data-recalc-dims=\"1\" \/><figcaption class=\"wp-block-jetpack-slideshow_caption gallery-caption\">Tourungi Club Italiano, Hera Comm, Hotel Terme della Salvarola<\/figcaption><\/figure><\/li><li class=\"wp-block-jetpack-slideshow_slide swiper-slide\"><figure><img decoding=\"async\" loading=\"lazy\" width=\"1032\" height=\"688\" alt=\"\" class=\"wp-block-jetpack-slideshow_image wp-image-737\" data-id=\"737\" src=\"https:\/\/i0.wp.com\/www.ev-now.org\/wp-content\/uploads\/2022\/05\/7marzo_TCI-33-scaled.jpg?resize=1032%2C688&#038;ssl=1\" srcset=\"https:\/\/i0.wp.com\/www.ev-now.org\/wp-content\/uploads\/2022\/05\/7marzo_TCI-33-scaled.jpg?w=2560&amp;ssl=1 2560w, https:\/\/i0.wp.com\/www.ev-now.org\/wp-content\/uploads\/2022\/05\/7marzo_TCI-33-scaled.jpg?resize=300%2C200&amp;ssl=1 300w, https:\/\/i0.wp.com\/www.ev-now.org\/wp-content\/uploads\/2022\/05\/7marzo_TCI-33-scaled.jpg?resize=1024%2C683&amp;ssl=1 1024w, https:\/\/i0.wp.com\/www.ev-now.org\/wp-content\/uploads\/2022\/05\/7marzo_TCI-33-scaled.jpg?resize=768%2C512&amp;ssl=1 768w, https:\/\/i0.wp.com\/www.ev-now.org\/wp-content\/uploads\/2022\/05\/7marzo_TCI-33-scaled.jpg?resize=1536%2C1024&amp;ssl=1 1536w, https:\/\/i0.wp.com\/www.ev-now.org\/wp-content\/uploads\/2022\/05\/7marzo_TCI-33-scaled.jpg?resize=2048%2C1366&amp;ssl=1 2048w, https:\/\/i0.wp.com\/www.ev-now.org\/wp-content\/uploads\/2022\/05\/7marzo_TCI-33-scaled.jpg?resize=450%2C300&amp;ssl=1 450w\" sizes=\"(max-width: 1032px) 100vw, 1032px\" data-recalc-dims=\"1\" \/><figcaption class=\"wp-block-jetpack-slideshow_caption gallery-caption\">La Collina dei Ciliegi, Opera 02<\/figcaption><\/figure><\/li><li class=\"wp-block-jetpack-slideshow_slide swiper-slide\"><figure><img decoding=\"async\" loading=\"lazy\" width=\"1032\" height=\"688\" alt=\"\" class=\"wp-block-jetpack-slideshow_image wp-image-740\" data-id=\"740\" src=\"https:\/\/i0.wp.com\/www.ev-now.org\/wp-content\/uploads\/2022\/05\/7marzo_TCI-112-scaled.jpg?resize=1032%2C688&#038;ssl=1\" srcset=\"https:\/\/i0.wp.com\/www.ev-now.org\/wp-content\/uploads\/2022\/05\/7marzo_TCI-112-scaled.jpg?w=2560&amp;ssl=1 2560w, https:\/\/i0.wp.com\/www.ev-now.org\/wp-content\/uploads\/2022\/05\/7marzo_TCI-112-scaled.jpg?resize=300%2C200&amp;ssl=1 300w, https:\/\/i0.wp.com\/www.ev-now.org\/wp-content\/uploads\/2022\/05\/7marzo_TCI-112-scaled.jpg?resize=1024%2C683&amp;ssl=1 1024w, https:\/\/i0.wp.com\/www.ev-now.org\/wp-content\/uploads\/2022\/05\/7marzo_TCI-112-scaled.jpg?resize=768%2C512&amp;ssl=1 768w, https:\/\/i0.wp.com\/www.ev-now.org\/wp-content\/uploads\/2022\/05\/7marzo_TCI-112-scaled.jpg?resize=1536%2C1024&amp;ssl=1 1536w, https:\/\/i0.wp.com\/www.ev-now.org\/wp-content\/uploads\/2022\/05\/7marzo_TCI-112-scaled.jpg?resize=2048%2C1365&amp;ssl=1 2048w, https:\/\/i0.wp.com\/www.ev-now.org\/wp-content\/uploads\/2022\/05\/7marzo_TCI-112-scaled.jpg?resize=450%2C300&amp;ssl=1 450w\" sizes=\"(max-width: 1032px) 100vw, 1032px\" data-recalc-dims=\"1\" \/><figcaption class=\"wp-block-jetpack-slideshow_caption gallery-caption\">eV-Now!, Villa Cavalletti<\/figcaption><\/figure><\/li><li class=\"wp-block-jetpack-slideshow_slide swiper-slide\"><figure><img decoding=\"async\" loading=\"lazy\" width=\"1032\" height=\"688\" alt=\"\" class=\"wp-block-jetpack-slideshow_image wp-image-736\" data-id=\"736\" src=\"https:\/\/i0.wp.com\/www.ev-now.org\/wp-content\/uploads\/2022\/05\/7marzo_TCI-18-scaled.jpg?resize=1032%2C688&#038;ssl=1\" srcset=\"https:\/\/i0.wp.com\/www.ev-now.org\/wp-content\/uploads\/2022\/05\/7marzo_TCI-18-scaled.jpg?w=2560&amp;ssl=1 2560w, https:\/\/i0.wp.com\/www.ev-now.org\/wp-content\/uploads\/2022\/05\/7marzo_TCI-18-scaled.jpg?resize=300%2C200&amp;ssl=1 300w, https:\/\/i0.wp.com\/www.ev-now.org\/wp-content\/uploads\/2022\/05\/7marzo_TCI-18-scaled.jpg?resize=1024%2C683&amp;ssl=1 1024w, https:\/\/i0.wp.com\/www.ev-now.org\/wp-content\/uploads\/2022\/05\/7marzo_TCI-18-scaled.jpg?resize=768%2C512&amp;ssl=1 768w, https:\/\/i0.wp.com\/www.ev-now.org\/wp-content\/uploads\/2022\/05\/7marzo_TCI-18-scaled.jpg?resize=1536%2C1024&amp;ssl=1 1536w, https:\/\/i0.wp.com\/www.ev-now.org\/wp-content\/uploads\/2022\/05\/7marzo_TCI-18-scaled.jpg?resize=2048%2C1366&amp;ssl=1 2048w, https:\/\/i0.wp.com\/www.ev-now.org\/wp-content\/uploads\/2022\/05\/7marzo_TCI-18-scaled.jpg?resize=450%2C300&amp;ssl=1 450w\" sizes=\"(max-width: 1032px) 100vw, 1032px\" data-recalc-dims=\"1\" \/><figcaption class=\"wp-block-jetpack-slideshow_caption gallery-caption\">Touring Club Italiano Consorzio Valchiavenna, Villa Cavalletti<\/figcaption><\/figure><\/li><li class=\"wp-block-jetpack-slideshow_slide swiper-slide\"><figure><img decoding=\"async\" loading=\"lazy\" width=\"1032\" height=\"688\" alt=\"\" class=\"wp-block-jetpack-slideshow_image wp-image-734\" data-id=\"734\" src=\"https:\/\/i0.wp.com\/www.ev-now.org\/wp-content\/uploads\/2022\/05\/7marzo_TCI-12-scaled.jpg?resize=1032%2C688&#038;ssl=1\" srcset=\"https:\/\/i0.wp.com\/www.ev-now.org\/wp-content\/uploads\/2022\/05\/7marzo_TCI-12-scaled.jpg?w=2560&amp;ssl=1 2560w, https:\/\/i0.wp.com\/www.ev-now.org\/wp-content\/uploads\/2022\/05\/7marzo_TCI-12-scaled.jpg?resize=300%2C200&amp;ssl=1 300w, https:\/\/i0.wp.com\/www.ev-now.org\/wp-content\/uploads\/2022\/05\/7marzo_TCI-12-scaled.jpg?resize=1024%2C682&amp;ssl=1 1024w, https:\/\/i0.wp.com\/www.ev-now.org\/wp-content\/uploads\/2022\/05\/7marzo_TCI-12-scaled.jpg?resize=768%2C512&amp;ssl=1 768w, https:\/\/i0.wp.com\/www.ev-now.org\/wp-content\/uploads\/2022\/05\/7marzo_TCI-12-scaled.jpg?resize=1536%2C1023&amp;ssl=1 1536w, https:\/\/i0.wp.com\/www.ev-now.org\/wp-content\/uploads\/2022\/05\/7marzo_TCI-12-scaled.jpg?resize=2048%2C1365&amp;ssl=1 2048w, https:\/\/i0.wp.com\/www.ev-now.org\/wp-content\/uploads\/2022\/05\/7marzo_TCI-12-scaled.jpg?resize=450%2C300&amp;ssl=1 450w\" sizes=\"(max-width: 1032px) 100vw, 1032px\" data-recalc-dims=\"1\" \/><figcaption class=\"wp-block-jetpack-slideshow_caption gallery-caption\">Touring Club Italiano, Hera Comm, Cascina di Balsamico Bonini<\/figcaption><\/figure><\/li><\/ul><a class=\"wp-block-jetpack-slideshow_button-prev swiper-button-prev swiper-button-white\" role=\"button\"><\/a><a class=\"wp-block-jetpack-slideshow_button-next swiper-button-next swiper-button-white\" role=\"button\"><\/a><a aria-label=\"Pause Slideshow\" class=\"wp-block-jetpack-slideshow_button-pause\" role=\"button\"><\/a><div class=\"wp-block-jetpack-slideshow_pagination swiper-pagination swiper-pagination-white\"><\/div><\/div><\/div>\n\n\n\n<h2 class=\"wp-block-heading\">Un assaggio di rassegna stampa:<\/h2>\n\n\n\n<ul>\n<li><a rel=\"noreferrer noopener\" href=\"https:\/\/www.touringclub.it\/notizie-di-viaggio\/touring-club-italiano-presenta-la-nuova-guida-alberghi-e-ristoranti-ditalia-2022\" data-type=\"URL\" data-id=\"https:\/\/www.touringclub.it\/notizie-di-viaggio\/touring-club-italiano-presenta-la-nuova-guida-alberghi-e-ristoranti-ditalia-2022\" target=\"_blank\">Touring Club Italiano presenta la nuova Guida \u201cAlberghi e ristoranti d\u2019Italia 2022\u201d<\/a><\/li>\n\n\n\n<li><a rel=\"noreferrer noopener\" href=\"http:\/\/Guida Alberghi e Ristoranti d'Italia: tutti i premi 2022\" target=\"_blank\">Guida Alberghi e Ristoranti d&#8217;Italia: tutti i premi 2022<\/a><\/li>\n\n\n\n<li><a rel=\"noreferrer noopener\" href=\"https:\/\/www.ansa.it\/canale_terraegusto\/notizie\/libri\/2022\/04\/22\/giornata-terra-dormire-e-mangiare-guidando-auto-elettrica_f1f6c8c2-23fe-44f3-b9b1-3ec27d09b6aa.html\" target=\"_blank\">Dormire e mangiare electric friendly, alberghi e ristoranti con la ricarica<\/a><\/li>\n\n\n\n<li><a href=\"https:\/\/www.lifegate.it\/la-guida-del-touring-pensa-a-chi-viaggia-anche-in-elettrico\" target=\"_blank\" rel=\"noreferrer noopener\">La guida del Touring pensa a chi viaggia (anche) in elettrico<\/a><\/li>\n\n\n\n<li><a rel=\"noreferrer noopener\" href=\"https:\/\/www.italiaatavola.net\/libri-guide\/guide\/touring-club-nuova-guida-alberghi-ristoranti-d-italia-2022-perbellini-premiato-come-miglior-chef-imprenditore\/84638\/\" target=\"_blank\">Guida Touring Club 2022. Perbellini Miglior chef imprenditore<\/a><\/li>\n\n\n\n<li><a href=\"https:\/\/e-ricarica.it\/alberghi-e-ristoranti-ditalia-2022-nuova-sezione-dedicata-alle-strutture-con-infrastrutture-di-ricarica\/\" target=\"_blank\" rel=\"noreferrer noopener\">Alberghi e ristoranti d\u2019Italia 2022: nuova sezione dedicata alle strutture con punti di ricarica&nbsp;<\/a><\/li>\n\n\n\n<li><a rel=\"noreferrer noopener\" href=\"https:\/\/www.vaielettrico.it\/nella-guida-del-touring-gli-hotel-con-ricarica\/\" target=\"_blank\">Nella Guida del Touring gli hotel con ricarica<\/a><\/li>\n\n\n\n<li><a rel=\"noreferrer noopener\" href=\"https:\/\/www.modenatoday.it\/attualita\/opera-02-modena-premiata-menu-sostenibile.html\" target=\"_blank\">Opera|02 si aggiudica il Premio Migliore Men\u00f9 Sostenibile della Guida Touring Club Italiano<\/a><\/li>\n\n\n\n<li><a href=\"http:\/\/www.vita.it\/it\/article\/2022\/03\/07\/litalia-a-chilometro-zero\/162090\/\" target=\"_blank\" rel=\"noreferrer noopener\">L\u2019Italia a chilometro zero<\/a><\/li>\n<\/ul>\n","protected":false},"excerpt":{"rendered":"<p>La prima guida redatta da eV-Now! in collaborazione con Witaly e Touring Club Italiano dedicata alle strutture ricettive adatte a chi si muove in elettrico &hellip;<\/p>\n","protected":false},"author":2,"featured_media":739,"parent":2,"menu_order":0,"comment_status":"closed","ping_status":"closed","template":"","meta":[],"jetpack_sharing_enabled":true,"_links":{"self":[{"href":"https:\/\/www.ev-now.org\/index.php\/wp-json\/wp\/v2\/pages\/745"}],"collection":[{"href":"https:\/\/www.ev-now.org\/index.php\/wp-json\/wp\/v2\/pages"}],"about":[{"href":"https:\/\/www.ev-now.org\/index.php\/wp-json\/wp\/v2\/types\/page"}],"author":[{"embeddable":true,"href":"https:\/\/www.ev-now.org\/index.php\/wp-json\/wp\/v2\/users\/2"}],"replies":[{"embeddable":true,"href":"https:\/\/www.ev-now.org\/index.php\/wp-json\/wp\/v2\/comments?post=745"}],"version-history":[{"count":9,"href":"https:\/\/www.ev-now.org\/index.php\/wp-json\/wp\/v2\/pages\/745\/revisions"}],"predecessor-version":[{"id":1489,"href":"https:\/\/www.ev-now.org\/index.php\/wp-json\/wp\/v2\/pages\/745\/revisions\/1489"}],"up":[{"embeddable":true,"href":"https:\/\/www.ev-now.org\/index.php\/wp-json\/wp\/v2\/pages\/2"}],"wp:featuredmedia":[{"embeddable":true,"href":"https:\/\/www.ev-now.org\/index.php\/wp-json\/wp\/v2\/media\/739"}],"wp:attachment":[{"href":"https:\/\/www.ev-now.org\/index.php\/wp-json\/wp\/v2\/media?parent=745"}],"curies":[{"name":"wp","href":"https:\/\/api.w.org\/{rel}","templated":true}]}}