{"id":259,"date":"2021-10-16T02:34:38","date_gmt":"2021-10-16T00:34:38","guid":{"rendered":"http:\/\/byverov.cluster030.hosting.ovh.net\/?page_id=259"},"modified":"2025-05-26T12:55:31","modified_gmt":"2025-05-26T10:55:31","slug":"ev-chalet","status":"publish","type":"page","link":"https:\/\/www.ev-now.org\/index.php\/progetti\/ev-chalet\/","title":{"rendered":"eV-Chalet!"},"content":{"rendered":"\n<blockquote class=\"wp-block-quote\">\n<p><em>Il primo Chalet off-grid energeticamente autonomo e dotato di ricarica per veicoli elettrici<\/em><\/p>\n<\/blockquote>\n\n\n\n<p class=\"has-text-align-justify has-headings-color has-text-color has-large-font-size\">Si chiama <strong>eV-Chalet! <\/strong>ed \u00e8 un progetto innovativo di <strong>struttura informativa pubblica completamente autosufficiente a livello energetico <\/strong>nato dalla speciale collaborazione tra <strong>eV-Now!<\/strong> &#8211; Ente Privato di Ricerca, Sviluppo e Promozione della Mobilit\u00e0 Elettrica che ne ha progettato tutta la parte elettrica, multimediale e di ricarica &#8211; e l\u2019amministrazione Comunale di <strong>Morterone<\/strong> &#8211; che ha vinto con il progetto un bando <em>BIM &#8211; Bacino Imbrifero Montano <\/em>e il bando <em>Valli Prealpine<\/em>; il team di partner selezionati e coordinati da eV-Now! \u00e8 composto da <strong>eccellenze italiane <\/strong>protagoniste della transizione energetica.<\/p>\n\n\n<div class=\"wp-block-image\">\n<figure class=\"aligncenter size-large\"><img decoding=\"async\" loading=\"lazy\" width=\"1024\" height=\"768\" src=\"https:\/\/i0.wp.com\/www.ev-now.org\/wp-content\/uploads\/2023\/08\/eV-Chalet2023.png?resize=1024%2C768&#038;ssl=1\" alt=\"\" class=\"wp-image-1506\" srcset=\"https:\/\/i0.wp.com\/www.ev-now.org\/wp-content\/uploads\/2023\/08\/eV-Chalet2023.png?resize=1024%2C768&amp;ssl=1 1024w, https:\/\/i0.wp.com\/www.ev-now.org\/wp-content\/uploads\/2023\/08\/eV-Chalet2023.png?resize=300%2C225&amp;ssl=1 300w, https:\/\/i0.wp.com\/www.ev-now.org\/wp-content\/uploads\/2023\/08\/eV-Chalet2023.png?resize=768%2C576&amp;ssl=1 768w, https:\/\/i0.wp.com\/www.ev-now.org\/wp-content\/uploads\/2023\/08\/eV-Chalet2023.png?resize=1536%2C1152&amp;ssl=1 1536w, https:\/\/i0.wp.com\/www.ev-now.org\/wp-content\/uploads\/2023\/08\/eV-Chalet2023.png?resize=2048%2C1536&amp;ssl=1 2048w, https:\/\/i0.wp.com\/www.ev-now.org\/wp-content\/uploads\/2023\/08\/eV-Chalet2023.png?resize=400%2C300&amp;ssl=1 400w, https:\/\/i0.wp.com\/www.ev-now.org\/wp-content\/uploads\/2023\/08\/eV-Chalet2023.png?resize=1320%2C990&amp;ssl=1 1320w, https:\/\/i0.wp.com\/www.ev-now.org\/wp-content\/uploads\/2023\/08\/eV-Chalet2023.png?resize=600%2C450&amp;ssl=1 600w, https:\/\/i0.wp.com\/www.ev-now.org\/wp-content\/uploads\/2023\/08\/eV-Chalet2023.png?w=3096&amp;ssl=1 3096w\" sizes=\"(max-width: 1024px) 100vw, 1024px\" data-recalc-dims=\"1\" \/><\/figure><\/div>\n\n\n<p class=\"has-text-align-justify has-large-font-size\"><strong>Missione:<br \/><\/strong>eV-Chalet! nasce da un bando per la realizzazione di un punto di informazione turistica. eV-Now!, dopo un&#8217;attenta analisi, ha proposto al Comune di fare in modo che <strong>il punto informativo fosse sempre &#8220;vivo&#8221;<\/strong> ed autonomo non solo dal punto di vista energetico, ma anche dal punto di vista multimediale ovvero fornendo la possibilit\u00e0 al sistema di erogare costantemente informazioni audio e video, creando un <strong>HotSpot Wi-Fi<\/strong>, raccogliendo dati meteo, monitorando i flussi turistici tramite intelligenza artificiale e telecamere che trasmettono anche le immagini in tempo reale per scopi turistici, di sicurezza e di controllo meteo panoramico del territorio. Da settembre 2023 inoltre sar\u00e0 presente anche una Meteo Webcam in tempo reale, accessibile direttamente da questa pagina.<br \/><strong>Tecnologia<\/strong>:<br \/><strong>eV-Chalet!<\/strong> nasce come punto dimostrativo di produzione di energia rinnovabile <strong>completamente Off-Grid, fuori rete<\/strong> elettrica. E&#8217; con questo concetto base e la voglia di sfruttare le eccellenze del Made in Italt che eV-Chalet! viene progettato da Daniele Invernizzi in <strong>eV-Now!:<\/strong><br \/>La struttura viene ricoperta da un tetto in tegole fotovoltaiche monocristalline adatte all\u2019integrazione architettonica (BIPV) prodotte&nbsp;<strong>Gruppo STG \u2013 La Fabbrica del Fotovoltaico<\/strong>, costituite una doppia lastra in vetro stratificato di colore &#8220;rosso&#8221; nella colorazione del vetro anteriore e con una classe di potenza di 220 Wp per modulo. L\u2019intera copertura dell\u2019eV-Chalet! garantisce una potenza totale di<strong> 9 kWp<\/strong> che tramite il sistema di gestione di&nbsp;<strong>Western CO srl<\/strong> immagazzina l\u2019energia prodotta in una batteria al <strong>Litio-ferro da 12 kWh.<\/strong> L&#8217;orientamento e l&#8217;inclinazione delle falde \u00e8 stato studiato per ottimizzare l&#8217;irraggiamento estivo ed invernale, cosa che ha permesso ad eV-Chalet! di rimanere sempre &#8220;carico&#8221; in questi due anni e mezzo, neve compresa.<\/p>\n\n\n\n<div class=\"wp-block-file\"><a href=\"https:\/\/www.ev-now.org\/wp-content\/uploads\/2025\/05\/cartina-morterone.pdf\"><em><strong>Scarica la cartina ufficiale di Morterone <\/strong><\/em><\/a><a href=\"https:\/\/www.ev-now.org\/wp-content\/uploads\/2025\/05\/cartina-morterone.pdf\" class=\"wp-block-file__button wp-element-button\" download>Download &#8211; Scarica <\/a><\/div>\n\n\n\n<p class=\"has-text-align-justify has-large-font-size\"><strong>Tecnologie installate e numeri<\/strong>:<br>L\u2019impianto \u00e8 cos\u00ec in grado di alimentare senza il supporto di alcuna rete elettrica esterna la pompa di calore&nbsp;<strong>Aprestige by Universal Service Provider<\/strong> che mantiene la temperatura interna tra i 18 ed i 21 gradi in ogni clima, il free WI-FI di&nbsp;<strong>Eolo<\/strong>, videosorveglianza, centralina meteo, il monitor informativo e due punti di ricarica per veicoli: uno pensato per la mobilit\u00e0 leggera come e-bike e scooter e uno per veicoli come auto e moto tramite la wallbox di&nbsp;<strong>Daze Technology<\/strong>, garantendo in questo modo una ricarica con la sola&nbsp; energia autoprodotta e rinnovabile. Un secondo punto di ricarica per veicoli elettrici previsto in una prima fase in corrente alternata si \u00e8 evoluto in corrente continua ad alta potenza grazie ad un bando vinto dal Comune di Morterone nel 2022 con il supporto di eV-Now!, insieme ad oltre 40 connettori di ricarica per e-bikes divisi in cinque aree distinte e ben distribuite sul territorio ed all&#8217;interno dei percorsi ideali per le bici elettriche: dove possibile i punti di ricarica saranno totalmente indipendenti dalla rete elettrica.<\/p>\n\n\n\n<div class=\"wp-block-buttons is-horizontal is-content-justification-center is-layout-flex wp-container-1\">\n<div class=\"wp-block-button\"><a class=\"wp-block-button__link has-accent-2-background-color has-background wp-element-button\" href=\"http:\/\/byverov.cluster030.hosting.ovh.net\/wp-content\/uploads\/2021\/10\/eV-Chalet_Presentazione-Progetto.pdf\" target=\"_blank\" rel=\"noreferrer noopener\">SCARICA LA PRESENTAZIONE<br \/>DI EV-CHALET!<\/a><\/div>\n<\/div>\n\n\n\n<div style=\"height:20px\" aria-hidden=\"true\" class=\"wp-block-spacer\"><\/div>\n\n\n<div class=\"wp-block-image\">\n<figure class=\"aligncenter size-large\"><img decoding=\"async\" loading=\"lazy\" width=\"1024\" height=\"576\" src=\"https:\/\/i0.wp.com\/www.ev-now.org\/wp-content\/uploads\/2021\/10\/Inaugurazione-eV-Chalet_9_9.jpg?resize=1024%2C576&#038;ssl=1\" alt=\"\" class=\"wp-image-266\" srcset=\"https:\/\/i0.wp.com\/www.ev-now.org\/wp-content\/uploads\/2021\/10\/Inaugurazione-eV-Chalet_9_9.jpg?resize=1024%2C576&amp;ssl=1 1024w, https:\/\/i0.wp.com\/www.ev-now.org\/wp-content\/uploads\/2021\/10\/Inaugurazione-eV-Chalet_9_9.jpg?resize=300%2C169&amp;ssl=1 300w, https:\/\/i0.wp.com\/www.ev-now.org\/wp-content\/uploads\/2021\/10\/Inaugurazione-eV-Chalet_9_9.jpg?resize=768%2C432&amp;ssl=1 768w, https:\/\/i0.wp.com\/www.ev-now.org\/wp-content\/uploads\/2021\/10\/Inaugurazione-eV-Chalet_9_9.jpg?resize=1536%2C864&amp;ssl=1 1536w, https:\/\/i0.wp.com\/www.ev-now.org\/wp-content\/uploads\/2021\/10\/Inaugurazione-eV-Chalet_9_9.jpg?resize=496%2C279&amp;ssl=1 496w, https:\/\/i0.wp.com\/www.ev-now.org\/wp-content\/uploads\/2021\/10\/Inaugurazione-eV-Chalet_9_9.jpg?w=1920&amp;ssl=1 1920w\" sizes=\"(max-width: 1024px) 100vw, 1024px\" data-recalc-dims=\"1\" \/><\/figure><\/div>\n\n\n<p class=\"has-text-align-justify has-large-font-size\"><strong>I numeri di eV-Chalet!<\/strong><br \/>eV-Chalet! ad oggi &#8211; Agosto 2023 dunque dopo due anni e mezzo di operativit\u00e0 &#8211; ha erogato <strong>384 ricariche<\/strong> per auto elettriche dalla colonnina di tipo2 installata, fornendo ben<strong> 3,4MWh <\/strong>di energia autoprodotta, <strong>370<\/strong> le ricariche e-bike per un totale di circa<strong> 6 tonnellate di CO2 evitata,<\/strong> compresa di tutta l&#8217;energia prodotta e consumata dalla struttura.<br \/>Ha fornito ben <strong>19.243<\/strong> accessi gratuiti univoci ad internet tramite il <strong>Free-Wifi,<\/strong> e grazie al monitoraggio dei flussi turistici, eV-Chalet! ha potuto confermare alcune previsioni del 2018:<br \/>&#8211; Morterone viene visitata tutto l&#8217;anno. La posizione strategica dell&#8217;eV-Chalet! infatti ne conferma il flusso turistico continuo, anche durante l&#8217;inverno.<br \/>&#8211; Morterone \u00e8 un importante crocevia di elettro-turismo a bordo di auto ma sopratutto bici elettriche: la percentuale di bici elettriche rispetto alle bici muscolare \u00e8 dell&#8217;<strong>82%, con ben 940 e-bikes\/anno<\/strong> che sono arrivate nell&#8217;area<strong> eV-Chalet!,<\/strong> inoltre abbiamo contato le prime 5 moto elettriche di passaggio, delle quali 2 hanno effettuato una ricarica gratuita da<strong> 5kWh<\/strong> ed una da <strong>14kWh<\/strong>.<br \/><strong>eV-Chalet!<\/strong> \u00e8 inoltre dotato di un sistema di informazione audio continua basato sull&#8217;intelligenza artificiale di Amazon &#8211; Echo che tramite tre altoparlanti eroga ben <strong>230<\/strong> messaggi informativi\/giorno aggiornati in remoto tramite app, inoltre \u00e8 dotato di un monitor con infografiche ed informazioni in tempo reale, tramite computer controllato in remoto.<br \/><strong>La centralina meteo di Morterone<\/strong> \u00e8 operativa da Agosto 2017 e fino al 2022 era collocata sul Comune di Morterone, oggi si trova presso eV-Chalet: essa ha inviato costantemente al sistema meteo internazionale informazioni meteo in tempo reale, aggiornate e reali, permettendo delle previsioni pi\u00f9 accurate rispetto a quelle basate su stime matematiche e immagini satellitari. <br \/><strong>COSTI<\/strong>:<br \/>La ricarica auto, moto, bici e smartphone presso l&#8217;<strong>eV-Chalet! <\/strong>\u00e8 gratuita, da sempre.<br \/>Tutti i costi relativi alle infrastrutture sopra citate, comprese le manutenzioni, sono in carico dal 2017 ad eV-Now!, gestore sia dell&#8217;<strong>eV-Chalet!<\/strong> che della comunicazione strategica sui temi energia ed innovazione e dei rapporti con istituzioni e partners.<br \/>A Morterone esistono due punti Wi-Fi gratuiti dal 2017: uno presso il Comune ed uno presso l&#8217;<strong>eV-Chalet!<\/strong> e questo grazie alla collaborazione delle divisioni <strong>Marketing di eV-Now! ed Eolo<\/strong>: a questi due punti Wi-Fi pubblici ne verr\u00e0 affiancato uno nuovo presso la <strong>Pro-Loco.<\/strong><br \/><strong>eV-Chalet! <\/strong>sorge in una posizione strategica sia per il suo essere collocato ai piedi del Resegone \u2013 cui partono molti dei sentieri e dei percorsi che si snodano sulla montagna risultando cos\u00ec funzionale per il turismo sportivo tanto estivo quanto invernale, sia per la sua integrazione armonica con il paesaggio circostante. Abbiamo integrato sia telecamere di sorveglianza, sia telecamere per la ripresa meteorologica, monitoraggio dei flussi turistici e controllo attivo della situazione meteo panoramica, che in ottica del cambiamento climatico in corso, risulta quanto mai indispensabile.<\/p>\n\n\n\n<figure class=\"wp-block-image size-large\"><img decoding=\"async\" src=\"https:\/\/my.tikee.io\/v2\/time_lapses\/44319\/redirect_to_last_img\/9b58d87b-8d89-4278-af3d-aa8e012ccf51\" alt=\"\"\/><figcaption class=\"wp-element-caption\">La vista dall&#8217;eV-Chalet!<\/figcaption><\/figure>\n\n\n\n<p class=\"has-text-align-justify has-large-font-size\">Con la partecipazione di diversi giornalisti, dei Partner progettuali, dei fornitori e con il coordinamento di eV-Now! e dell&#8217;amministrazione comunale, abbiamo inaugurato eV-Chalet! nel 2021 e durante la giornata sono stati effettuati test di stress del sistema tramite la ricarica singola e in contemporanea di diverse auto e veicoli tra cui lo scooter elettrico&nbsp;<strong>Askoll<\/strong>&nbsp;\u2013 che ha raggiunto <strong>Morterone<\/strong> tramite l\u2019arrampicata sulla \u201c<strong>Piccola Stelvio<\/strong>\u201d, la tortuosa strada che congiunge il Comune a Ballabio, stress test concluso con successo.<\/p>\n\n\n\n<p class=\"has-text-align-justify has-large-font-size\">eV-Chalet! ha ricevuto da #EViaggioItaliano la certificazione&nbsp;<strong><em>Electric Friendly<\/em>&nbsp;by Motus-e<\/strong>&nbsp;come struttura ricettiva innovativa e pensata per i viaggiatori elettrici.&nbsp;<\/p>\n\n\n<div class=\"wp-block-image\">\n<figure class=\"aligncenter size-large\"><img decoding=\"async\" loading=\"lazy\" width=\"1024\" height=\"768\" src=\"https:\/\/i0.wp.com\/www.ev-now.org\/wp-content\/uploads\/2021\/10\/Inaugurazione-eV-Chalet_15_15.jpg?resize=1024%2C768&#038;ssl=1\" alt=\"\" class=\"wp-image-267\" srcset=\"https:\/\/i0.wp.com\/www.ev-now.org\/wp-content\/uploads\/2021\/10\/Inaugurazione-eV-Chalet_15_15-scaled.jpg?resize=1024%2C768&amp;ssl=1 1024w, https:\/\/i0.wp.com\/www.ev-now.org\/wp-content\/uploads\/2021\/10\/Inaugurazione-eV-Chalet_15_15-scaled.jpg?resize=300%2C225&amp;ssl=1 300w, https:\/\/i0.wp.com\/www.ev-now.org\/wp-content\/uploads\/2021\/10\/Inaugurazione-eV-Chalet_15_15-scaled.jpg?resize=768%2C576&amp;ssl=1 768w, https:\/\/i0.wp.com\/www.ev-now.org\/wp-content\/uploads\/2021\/10\/Inaugurazione-eV-Chalet_15_15-scaled.jpg?resize=1536%2C1152&amp;ssl=1 1536w, https:\/\/i0.wp.com\/www.ev-now.org\/wp-content\/uploads\/2021\/10\/Inaugurazione-eV-Chalet_15_15-scaled.jpg?resize=2048%2C1536&amp;ssl=1 2048w, https:\/\/i0.wp.com\/www.ev-now.org\/wp-content\/uploads\/2021\/10\/Inaugurazione-eV-Chalet_15_15-scaled.jpg?resize=400%2C300&amp;ssl=1 400w\" sizes=\"(max-width: 1024px) 100vw, 1024px\" data-recalc-dims=\"1\" \/><\/figure><\/div>\n\n\n<blockquote class=\"wp-block-quote\">\n<p>L&#8217;allora Sindaco di Morterone&nbsp;<strong>Antonella Invernizzi<\/strong>:&nbsp;<em>\u201cL\u2019amministrazione uscente ha ritenuto che investire in una struttura di questo tipo in un punto strategico come Morterone fosse l\u2019ideale per garantire a questa conca incontaminata e senza speculazione edilizia di mantenere la sua identit\u00e0, un\u2019identit\u00e0 capace di ritemprare l\u2019animo in mezzo alla natura\u201d.<\/em><\/p>\n\n\n\n<p>Il Presidente di eV-Now!&nbsp;<strong>Daniele Invernizzi<\/strong>:<em>&nbsp;\u201cQuesta come altre innovazioni legate all\u2019ambiente, al territorio e ai cittadini sono attenzioni che Sindaco e Giunta Comunale hanno dimostrato \u2013 in sinergia con eV-Now! \u2013 in questi anni, e che raramente nel nostro lavoro sul territorio nazionale riusciamo a riscontrare anche all\u2019interno di realt\u00e0 pi\u00f9 grandi. eV-Chalet! \u00e8 un progetto che dimostra come anche la buona gestione legata a temi di efficienza energetica e di economia circolare facciano parte della grande sfinella lotta ai cambiamenti climatici\u201d<\/em>.&nbsp;<\/p>\n<\/blockquote>\n\n\n\n<figure class=\"wp-block-embed aligncenter is-type-video is-provider-youtube wp-block-embed-youtube wp-embed-aspect-16-9 wp-has-aspect-ratio\"><div class=\"wp-block-embed__wrapper\">\n<iframe loading=\"lazy\" title=\"eV-Chalet! di Morterone presentato dal Sindaco Antonella Invernizzi\" width=\"1032\" height=\"581\" src=\"https:\/\/www.youtube.com\/embed\/qN5MabQiWE0?feature=oembed\" frameborder=\"0\" allow=\"accelerometer; autoplay; clipboard-write; encrypted-media; gyroscope; picture-in-picture; web-share\" allowfullscreen><\/iframe>\n<\/div><\/figure>\n\n\n\n<h2 class=\"wp-block-heading has-text-align-center\">I partner<\/h2>\n\n\n\n<div class=\"wp-block-columns is-layout-flex wp-container-4\">\n<div class=\"wp-block-column is-layout-flow\">\n<h4 class=\"wp-block-heading has-text-align-center\"><strong>Gruppo STG \u2013 La Fabbrica Italiana del Fotovoltaico<\/strong><\/h4>\n\n\n\n<p class=\"has-text-align-justify\">Gruppo STG dal 2009 \u00e8 una realt\u00e0 Italiana specializzata nella progettazione e produzione di soluzioni fotovoltaiche e strutturali di altissimo livello. STG \u00e8 il fornitore delle tegole fotovoltaiche realizzate su misura per l\u2019eV-Chalet.<\/p>\n\n\n\n<h4 class=\"wp-block-heading has-text-align-center\"><strong><strong>Daze Technology<\/strong><\/strong><\/h4>\n\n\n\n<p class=\"has-text-align-justify\">Rendere comoda, semplice e intelligente la ricarica quotidiana dei veicoli elettrici. Fin dall\u2019inizio la mission dell\u2019azien\u00e8 stata quella di risolvere i problemi di ricarica manuale dei veicoli elettrici, contribuendo alla loro diffusione e al miglioramento del mondo in cui viviamo.<\/p>\n\n\n\n<h4 class=\"wp-block-heading has-text-align-center\"><strong><strong><strong>Western CO.<\/strong>&nbsp;<\/strong><\/strong><\/h4>\n\n\n\n<p class=\"has-text-align-justify\">Western CO. Srl \u00e8 leader italiano nel mercato fotovoltaico: impianti FV, storage system, regolatori di carica. Impianti fotovoltaici con accumulo.<\/p>\n<\/div>\n\n\n\n<div class=\"wp-block-column is-layout-flow\">\n<h4 class=\"wp-block-heading has-text-align-center\"><strong><strong><strong>Eolo SpA<\/strong><\/strong><\/strong><\/h4>\n\n\n\n<p class=\"has-text-align-justify\">EOLO SpA \u00e8 un operatore nazionale di telecomunicazioni, leader nel campo della banultra-larga per il mercato residenziale e delle imprese.<\/p>\n\n\n\n<h4 class=\"wp-block-heading has-text-align-center\"><strong><strong><strong>APrestige by Universal Service Provider<\/strong><\/strong><\/strong><\/h4>\n\n\n\n<p class=\"has-text-align-justify\">Divisione prodotto di Universal Service Provider, il pi\u00f9 grande distributore di ricambi italiano per elettrodomestici bianchi e grigi, dotato di magazzino robotizzato. APrestige \u00e8 una linea di elettrodomestici di alta gamma prodotta in Italia su specifiche USP e questo distribuita.<\/p>\n\n\n\n<h4 class=\"wp-block-heading has-text-align-center\"><strong><strong><strong><strong>Termel SRL<\/strong><\/strong><\/strong><\/strong><\/h4>\n\n\n\n<p class=\"has-text-align-justify\">Azienmilanese oltre trent\u2019anni impegnata nell\u2019efficientamento termico ed elettrico di grandi aziende, enti pubblici e centri commerciali, specializzata in impianti ad energia rinnovabile<\/p>\n<\/div>\n<\/div>\n\n\n\n<figure class=\"wp-block-embed aligncenter is-type-video is-provider-youtube wp-block-embed-youtube wp-embed-aspect-16-9 wp-has-aspect-ratio\"><div class=\"wp-block-embed__wrapper\">\n<iframe loading=\"lazy\" title=\"Presentazione eV Chalet!\" width=\"1032\" height=\"581\" src=\"https:\/\/www.youtube.com\/embed\/xSyHSfZm0ZI?feature=oembed\" frameborder=\"0\" allow=\"accelerometer; autoplay; clipboard-write; encrypted-media; gyroscope; picture-in-picture; web-share\" allowfullscreen><\/iframe>\n<\/div><figcaption class=\"wp-element-caption\">Daniele Invernizzi, Presidente di eV-Now! e progettista dell&#8217;eV-Chalet, illustra la struttura durante l&#8217;installazione.<\/figcaption><\/figure>\n\n\n\n<p><\/p>\n\n\n\n<p><\/p>\n\n\n\n<p><\/p>\n\n\n\n<p><\/p>\n\n\n\n<p><\/p>\n\n\n\n<p>2023 &#8211; eV-Now! &#8211; Tutti i diritti riservati.<\/p>\n","protected":false},"excerpt":{"rendered":"<p>Il primo Chalet off-grid energeticamente autonomo e dotato di ricarica per veicoli elettrici Si chiama eV-Chalet! ed \u00e8 un progetto innovativo di struttura informativa pubblica &hellip;<\/p>\n","protected":false},"author":2,"featured_media":268,"parent":2,"menu_order":0,"comment_status":"closed","ping_status":"closed","template":"","meta":[],"jetpack_sharing_enabled":true,"_links":{"self":[{"href":"https:\/\/www.ev-now.org\/index.php\/wp-json\/wp\/v2\/pages\/259"}],"collection":[{"href":"https:\/\/www.ev-now.org\/index.php\/wp-json\/wp\/v2\/pages"}],"about":[{"href":"https:\/\/www.ev-now.org\/index.php\/wp-json\/wp\/v2\/types\/page"}],"author":[{"embeddable":true,"href":"https:\/\/www.ev-now.org\/index.php\/wp-json\/wp\/v2\/users\/2"}],"replies":[{"embeddable":true,"href":"https:\/\/www.ev-now.org\/index.php\/wp-json\/wp\/v2\/comments?post=259"}],"version-history":[{"count":39,"href":"https:\/\/www.ev-now.org\/index.php\/wp-json\/wp\/v2\/pages\/259\/revisions"}],"predecessor-version":[{"id":1746,"href":"https:\/\/www.ev-now.org\/index.php\/wp-json\/wp\/v2\/pages\/259\/revisions\/1746"}],"up":[{"embeddable":true,"href":"https:\/\/www.ev-now.org\/index.php\/wp-json\/wp\/v2\/pages\/2"}],"wp:featuredmedia":[{"embeddable":true,"href":"https:\/\/www.ev-now.org\/index.php\/wp-json\/wp\/v2\/media\/268"}],"wp:attachment":[{"href":"https:\/\/www.ev-now.org\/index.php\/wp-json\/wp\/v2\/media?parent=259"}],"curies":[{"name":"wp","href":"https:\/\/api.w.org\/{rel}","templated":true}]}}