{"id":1776,"date":"2026-02-26T20:27:29","date_gmt":"2026-02-26T19:27:29","guid":{"rendered":"https:\/\/www.ev-now.org\/?page_id=1776"},"modified":"2026-03-02T13:20:17","modified_gmt":"2026-03-02T12:20:17","slug":"key-energy-2026-attivita-di-bess-charging-ev-bess","status":"publish","type":"page","link":"https:\/\/www.ev-now.org\/index.php\/progetti\/key-energy-2026-attivita-di-bess-charging-ev-bess\/","title":{"rendered":"KEY 2026 &#8211; Attivit\u00e0 di BESS-Charging &#8220;eV-BESS!&#8221;"},"content":{"rendered":"\n<h4 class=\"wp-block-heading\">Charging Car Valet | KEY &#8211; The energy transition Expo | Rimini 2026<\/h4>\n\n\n\n<div style=\"height:20px\" aria-hidden=\"true\" class=\"wp-block-spacer\"><\/div>\n\n\n\n<p>Quest\u2019anno al <strong>KEY &#8211; The Energy transitino Expo 2026<\/strong> sar\u00e0 presente un nuovo progetto sperimentale dedicato a chi arriva in <strong>auto elettrica<\/strong>. <\/p>\n\n\n\n<p>Accanto all\u2019infrastruttura gi\u00e0 presente, abbiamo attivato un <strong>servizio di ricarica ad alta potenza con car valet<\/strong>: lasci l\u2019auto nell\u2019area indicata, consegni le chiavi e vai ai tuoi appuntamenti. Durante la tua permanenza l\u2019auto viene ricaricata ad alta potenza e, una volta completata l\u2019operazione, riportata nel parcheggio.&nbsp;<\/p>\n\n\n\n<p>Si tratta di un servizio gratuito per espositori e visitatori, pensato per ridurre la pressione sulle infrastrutture di ricarica durante la fiera e garantire un servizio di ricarica gratuita per un numero maggiore di veicoli. <\/p>\n\n\n\n<p><strong>L\u2019accesso avviene esclusivamente tramite registrazione online su Google Form.<\/strong> In questa pagina sono inoltre riportate le condizioni di servizio, il regolamento operativo e l\u2019informativa privacy, che devono essere accettati in fase di iscrizione.<\/p>\n\n\n\n<p>Considerato l\u2019elevato numero di richieste, il servizio viene erogato secondo il principio&nbsp;First Arrived &#8211; First Served, fino a esaurimento dei posti disponibili.<\/p>\n\n\n\n<p><strong>L\u2019iniziativa \u00e8 realizzata in collaborazione con\u00a0<a rel=\"noreferrer noopener\" href=\"https:\/\/www.volvopenta.com\/it-it\/industrial\/battery-energy-storage\/\" data-type=\"URL\" data-id=\"https:\/\/www.volvopenta.com\/it-it\/industrial\/battery-energy-storage\/\" target=\"_blank\">Volvo Penta<\/a>,\u00a0<a rel=\"noreferrer noopener\" href=\"https:\/\/www.tecnogen.com\/?lang=it\" data-type=\"URL\" data-id=\"https:\/\/www.tecnogen.com\/?lang=it\" target=\"_blank\">Tecnogen<\/a>,\u00a0<a rel=\"noreferrer noopener\" href=\"https:\/\/www.ev-now.org\" data-type=\"URL\" data-id=\"https:\/\/www.ev-now.org\" target=\"_blank\">eV-Now!<\/a>\u00a0e<\/strong>\u00a0<a rel=\"noreferrer noopener\" href=\"https:\/\/www.key-expo.com\/it?utm_source=google&amp;utm_medium=cpc&amp;utm_campaign=KEY26_18_rocketppc_performance_search_brand_it_&amp;gad_source=1&amp;gad_campaignid=23300538602&amp;gbraid=0AAAAACsMio0p0nAyTuFkDrxce78Up81bN&amp;gclid=Cj0KCQiAwYrNBhDcARIsAGo3u301qWVSV7RgsA2DhrRUo7gHP2b_PCaqBlj_Bop2xwtsAhkfQp22K8UaAopGEALw_wcB\" data-type=\"URL\" data-id=\"https:\/\/www.key-expo.com\/it?utm_source=google&amp;utm_medium=cpc&amp;utm_campaign=KEY26_18_rocketppc_performance_search_brand_it_&amp;gad_source=1&amp;gad_campaignid=23300538602&amp;gbraid=0AAAAACsMio0p0nAyTuFkDrxce78Up81bN&amp;gclid=Cj0KCQiAwYrNBhDcARIsAGo3u301qWVSV7RgsA2DhrRUo7gHP2b_PCaqBlj_Bop2xwtsAhkfQp22K8UaAopGEALw_wcB\" target=\"_blank\"><strong>KEY &#8211; The Energy Transition Expo<\/strong><\/a><\/p>\n\n\n\n<div class=\"wp-block-buttons is-content-justification-center is-layout-flex wp-container-1\">\n<div class=\"wp-block-button\"><a class=\"wp-block-button__link has-sitebg-color has-accent-2-background-color has-text-color has-background wp-element-button\" href=\"#iscrizione\">ISCRIVITI<\/a><\/div>\n<\/div>\n\n\n\n<div style=\"height:20px\" aria-hidden=\"true\" class=\"wp-block-spacer\"><\/div>\n\n\n\n<figure class=\"wp-block-image size-large\"><img decoding=\"async\" loading=\"lazy\" width=\"1024\" height=\"256\" src=\"https:\/\/i0.wp.com\/www.ev-now.org\/wp-content\/uploads\/2026\/02\/COPERTINA-GOOGLE-FORM.png?resize=1024%2C256&#038;ssl=1\" alt=\"\" class=\"wp-image-1789\" srcset=\"https:\/\/i0.wp.com\/www.ev-now.org\/wp-content\/uploads\/2026\/02\/COPERTINA-GOOGLE-FORM.png?resize=1024%2C256&amp;ssl=1 1024w, https:\/\/i0.wp.com\/www.ev-now.org\/wp-content\/uploads\/2026\/02\/COPERTINA-GOOGLE-FORM.png?resize=300%2C75&amp;ssl=1 300w, https:\/\/i0.wp.com\/www.ev-now.org\/wp-content\/uploads\/2026\/02\/COPERTINA-GOOGLE-FORM.png?resize=768%2C192&amp;ssl=1 768w, https:\/\/i0.wp.com\/www.ev-now.org\/wp-content\/uploads\/2026\/02\/COPERTINA-GOOGLE-FORM.png?resize=1536%2C384&amp;ssl=1 1536w, https:\/\/i0.wp.com\/www.ev-now.org\/wp-content\/uploads\/2026\/02\/COPERTINA-GOOGLE-FORM.png?resize=583%2C146&amp;ssl=1 583w, https:\/\/i0.wp.com\/www.ev-now.org\/wp-content\/uploads\/2026\/02\/COPERTINA-GOOGLE-FORM.png?resize=600%2C150&amp;ssl=1 600w, https:\/\/i0.wp.com\/www.ev-now.org\/wp-content\/uploads\/2026\/02\/COPERTINA-GOOGLE-FORM.png?w=1600&amp;ssl=1 1600w\" sizes=\"(max-width: 1024px) 100vw, 1024px\" data-recalc-dims=\"1\" \/><\/figure>\n\n\n\n<div style=\"height:20px\" aria-hidden=\"true\" class=\"wp-block-spacer\"><\/div>\n\n\n\n<h5 class=\"wp-block-heading\"><strong>Come funziona<\/strong><\/h5>\n\n\n\n<ol>\n<li>Compili il modulo per richiedere il servizio nel giorno prescelto, accettando online la manleva e le condizioni del servizio (obbligatorio)<\/li>\n\n\n\n<li>Ricevi via email la copia del form compilato<\/li>\n\n\n\n<li>Se ci sono ancora posti disponibili, riceverai una email con tutte le informazioni operative per usufruire del servizio e verrai contattato via WhatsApp. In caso contrario, sarai inserito in lista d\u2019attesa<\/li>\n\n\n\n<li>Durante la fiera lascerai l\u2019auto nell\u2019area di parcheggio designata, poi ti recherai all\u2019ingresso OVEST di Fiera Rimini e consegnerai le chiavi al Responsabile del servizio, riconoscibile da pettorina e badge<\/li>\n\n\n\n<li>L\u2019ordine di erogazione del servizio seguir\u00e0 l\u2019ordine cronologico di consegna delle chiavi<\/li>\n\n\n\n<li>A fine servizio, l\u2019auto potr\u00e0 essere ritirata nella stessa area designata in cui \u00e8 stata lasciata<\/li>\n<\/ol>\n\n\n\n<h5 class=\"wp-block-heading\"><strong>Cosa devi sapere <\/strong><\/h5>\n\n\n\n<p>La ricarica <strong>non \u00e8 garantita<\/strong>. Pu\u00f2 essere parziale, ritardata o non avvenire per motivi tecnici, energetici, organizzativi, compatibilit\u00e0 veicolo, limitazioni di potenza o richieste di sicurezza.<br>Il servizio pu\u00f2 essere <strong>sospeso o interrotto<\/strong> in qualsiasi momento per ragioni tecniche, organizzative o di sicurezza, senza indennizzi.<\/p>\n\n\n\n<h5 class=\"wp-block-heading\"><strong>Documenti<\/strong><\/h5>\n\n\n\n<ul>\n<li>Condizioni di servizio e manleva: <a rel=\"noreferrer noopener\" href=\"https:\/\/www.ev-now.org\/wp-content\/uploads\/2026\/02\/Manleva_eV-Bess_KEY2026-1.pdf\" data-type=\"attachment\" data-id=\"1781\" target=\"_blank\">MANLEVA<\/a> | <a rel=\"noreferrer noopener\" href=\"https:\/\/www.ev-now.org\/wp-content\/uploads\/2026\/02\/REGOLE_eV-Bess_KEY2026-1.pdf\" data-type=\"URL\" data-id=\"https:\/\/www.ev-now.org\/wp-content\/uploads\/2026\/02\/REGOLE_eV-Bess_KEY2026-1.pdf\" target=\"_blank\">CONDIZIONI DI SERVIZIO<\/a><\/li>\n\n\n\n<li>Informativa Privacy dedicata al servizio: <a href=\"https:\/\/www.ev-now.org\/wp-content\/uploads\/2026\/02\/PRIVACY_eV-Bess_KEY2026.pdf\" data-type=\"attachment\" data-id=\"1782\" target=\"_blank\" rel=\"noreferrer noopener\">PRIVACY POLICY<\/a><\/li>\n<\/ul>\n\n\n\n<h5 class=\"wp-block-heading\" id=\"iscrizione\"><strong>Come accedo al servizio?<\/strong><\/h5>\n\n\n\n<p>Per accedere al servizio \u00e8 necessario compilare ed inviare il <strong>FORM DI REGISTRAZIONE<\/strong> per la data desiderata qui disponibile:<\/p>\n\n\n\n<div class=\"wp-block-columns is-layout-flex wp-container-8\">\n<div class=\"wp-block-column is-layout-flow\">\n<h4 class=\"wp-block-heading has-text-align-center\">ISCRIVITI PER<br>MERCOLED\u00ec<br>04 marzo 2026<\/h4>\n\n\n\n<div class=\"wp-block-buttons is-content-justification-center is-layout-flex wp-container-2\">\n<div class=\"wp-block-button\"><a class=\"wp-block-button__link has-sitebg-color has-accent-2-background-color has-text-color has-background has-text-align-center wp-element-button\" href=\"https:\/\/forms.gle\/6U1hrUqmH8CvDFkh6\" target=\"_blank\" rel=\"noreferrer noopener\">ISCRIVITI<\/a><\/div>\n<\/div>\n<\/div>\n\n\n\n<div class=\"wp-block-column is-layout-flow\">\n<h4 class=\"wp-block-heading has-text-align-center\">ISCRIVITI PER<br>GIOVED\u00ec<br>05 marzo 2026<\/h4>\n\n\n\n<div class=\"wp-block-buttons is-content-justification-center is-layout-flex wp-container-4\">\n<div class=\"wp-block-button\"><a class=\"wp-block-button__link has-sitebg-color has-accent-1-background-color has-text-color has-background has-text-align-center wp-element-button\" href=\"https:\/\/forms.gle\/tnRswemaBuFNH4oA8\" target=\"_blank\" rel=\"noreferrer noopener\">ISCRIVITI<\/a><\/div>\n<\/div>\n<\/div>\n\n\n\n<div class=\"wp-block-column is-layout-flow\">\n<h4 class=\"wp-block-heading has-text-align-center\">ISCRIVITI PER<br>VENERD\u00ec<br>06 marzo 2026<\/h4>\n\n\n\n<div class=\"wp-block-buttons is-content-justification-center is-layout-flex wp-container-6\">\n<div class=\"wp-block-button\"><a class=\"wp-block-button__link has-sitebg-color has-accent-2-background-color has-text-color has-background has-text-align-center wp-element-button\" href=\"https:\/\/forms.gle\/7KrPDnBjRvJPkZHk9\" target=\"_blank\" rel=\"noreferrer noopener\">ISCRIVITI<\/a><\/div>\n<\/div>\n<\/div>\n<\/div>\n\n\n\n<div style=\"height:20px\" aria-hidden=\"true\" class=\"wp-block-spacer\"><\/div>\n\n\n\n<h5 class=\"wp-block-heading\"><strong>Contatti<\/strong><\/h5>\n\n\n\n<p>Per informazioni organizzative: <a href=\"mailto:info@ev-now.org\">info@ev-now.org<\/a><\/p>\n\n\n\n<div style=\"height:20px\" aria-hidden=\"true\" class=\"wp-block-spacer\"><\/div>\n\n\n\n<figure class=\"wp-block-embed is-type-video is-provider-youtube wp-block-embed-youtube wp-embed-aspect-16-9 wp-has-aspect-ratio\"><div class=\"wp-block-embed__wrapper\">\n<iframe loading=\"lazy\" title=\"How does electromobility perform in real life? Electric forklifts, BESS, and more\" width=\"1032\" height=\"581\" src=\"https:\/\/www.youtube.com\/embed\/7QDnRyNme2I?start=167&#038;feature=oembed\" frameborder=\"0\" allow=\"accelerometer; autoplay; clipboard-write; encrypted-media; gyroscope; picture-in-picture; web-share\" referrerpolicy=\"strict-origin-when-cross-origin\" allowfullscreen><\/iframe>\n<\/div><figcaption class=\"wp-element-caption\"><em>Il Bess Volvo Penta che verr\u00e0 utilizzato per il servizio di Valet Charging sperimentale durante KEY 2026<\/em><\/figcaption><\/figure>\n","protected":false},"excerpt":{"rendered":"<p>Charging Car Valet | KEY &#8211; The energy transition Expo | Rimini 2026 Quest\u2019anno al KEY &#8211; The Energy transitino Expo 2026 sar\u00e0 presente un &hellip;<\/p>\n","protected":false},"author":1,"featured_media":1789,"parent":2,"menu_order":15,"comment_status":"closed","ping_status":"closed","template":"","meta":[],"jetpack_sharing_enabled":true,"_links":{"self":[{"href":"https:\/\/www.ev-now.org\/index.php\/wp-json\/wp\/v2\/pages\/1776"}],"collection":[{"href":"https:\/\/www.ev-now.org\/index.php\/wp-json\/wp\/v2\/pages"}],"about":[{"href":"https:\/\/www.ev-now.org\/index.php\/wp-json\/wp\/v2\/types\/page"}],"author":[{"embeddable":true,"href":"https:\/\/www.ev-now.org\/index.php\/wp-json\/wp\/v2\/users\/1"}],"replies":[{"embeddable":true,"href":"https:\/\/www.ev-now.org\/index.php\/wp-json\/wp\/v2\/comments?post=1776"}],"version-history":[{"count":39,"href":"https:\/\/www.ev-now.org\/index.php\/wp-json\/wp\/v2\/pages\/1776\/revisions"}],"predecessor-version":[{"id":1850,"href":"https:\/\/www.ev-now.org\/index.php\/wp-json\/wp\/v2\/pages\/1776\/revisions\/1850"}],"up":[{"embeddable":true,"href":"https:\/\/www.ev-now.org\/index.php\/wp-json\/wp\/v2\/pages\/2"}],"wp:featuredmedia":[{"embeddable":true,"href":"https:\/\/www.ev-now.org\/index.php\/wp-json\/wp\/v2\/media\/1789"}],"wp:attachment":[{"href":"https:\/\/www.ev-now.org\/index.php\/wp-json\/wp\/v2\/media?parent=1776"}],"curies":[{"name":"wp","href":"https:\/\/api.w.org\/{rel}","templated":true}]}}